{"id":71,"date":"2026-03-13T11:26:12","date_gmt":"2026-03-13T14:26:12","guid":{"rendered":"https:\/\/daext.gp.utfpr.edu.br\/?page_id=71"},"modified":"2026-04-22T14:03:08","modified_gmt":"2026-04-22T17:03:08","slug":"home","status":"publish","type":"page","link":"https:\/\/daext.gp.utfpr.edu.br\/","title":{"rendered":"Home"},"content":{"rendered":"<div  class=\"tpgb-container-row tpgb-block-35e4_71    alignfull  tpgb-container-inline  tpgb-container-full \" data-id=\"35e4_71 \"   ><div class=\"tpgb-top-layer\"><\/div>\n<div class=\"tpgb-empty-space tpgb-block-3ea8_71 \"><\/div>\n\n<div  class=\"tpgb-container-row tpgb-block-6ed6_71    alignfull   tpgb-container-full \" data-id=\"6ed6_71 \"   >\n<div class=\"tpgb-container-col tpgb-block-4dd1_71 \" data-id=\"4dd1_71\"  >\n\n<h3 class=\"wp-block-tpgb-tp-heading tp-core-heading tpgb-block-9060_71\">EXCEL\u00caNCIA EM <br><mark style=\"background-color:rgba(0, 0, 0, 0);color:#bfbfbf\" class=\"has-inline-color\">CI\u00caNCIAS<\/mark> <\/h3>\n\n\n\n<h3 class=\"wp-block-tpgb-tp-heading tp-core-heading tpgb-block-318d_71\">EXATAS<\/h3>\n\n\n\n<div class=\"tp-blockquote tpgb-relative-block tpgb-block-4476_71\"><div class=\"tpgb-blockquote-inner tpgb-quote-style-1\"><blockquote class=\"tpgb-quote-text\"><div class=\"quote-text-wrap\"><span class=\"quote-text\">Departamento Acad\u00eamico de Exatas UTFPR <mark style=\"background-color:rgba(0, 0, 0, 0);color:#fcb900\" class=\"has-inline-color\">Guarapuava<\/mark><\/span><\/div><\/blockquote><\/div><\/div>\n\n<\/div>\n\n<div class=\"tpgb-container-col tpgb-block-ac22_71 \" data-id=\"ac22_71\"  >\n<div class=\"tpgb-empty-space tpgb-block-ffd2_71 \"><\/div>\n<\/div>\n<\/div>\n<\/div>\n\n\n<div class=\"tp-blockquote tpgb-relative-block tpgb-block-3323_71\"><div class=\"tpgb-blockquote-inner tpgb-quote-style-2\"><span class=\"tpgb-quote-left\"><i class=\"fas fa-quote-left\"><\/i><\/span><blockquote class=\"tpgb-quote-text\"><div class=\"quote-text-wrap\"><span class=\"quote-text\">Se eu vi mais longe, foi por estar sobre os ombros de gigantes.<\/span><\/div><div class=\"tpgb-quote-author\">Isaac Newton<\/div><\/blockquote><\/div><\/div>\n\n\n<div  class=\"tpgb-container-row tpgb-block-f626_71    alignfull  tpgb-container-inline  tpgb-container-full \" data-id=\"f626_71 \"   >\n\n<h3 class=\"wp-block-tpgb-tp-heading tp-core-heading tpgb-block-0eaf_71\">Nossas \u00c1reas<\/h3>\n\n\n<div class=\"tpgb-empty-space tpgb-block-488f_71 \"><\/div>\n\n<div  class=\"tpgb-container-row tpgb-block-811d_71  tpgb-nxtcont-type   alignwide   tpgb-container-wide \" data-id=\"811d_71 \"   ><div class=\"tpgb-cont-in\">\n<div class=\"tpgb-container-col tpgb-block-3ddb_71 zooming-container image-grayscale tpgb-col-link\" data-id=\"3ddb_71\"  data-tpgb-col-link= \"https:\/\/daext.gp.utfpr.edu.br\/?page_id=269\"  data-target=\"_self\" >\n<div class=\"tpgb-empty-space tpgb-block-46a1_71 \"><\/div>\n\n\n<div class=\"tpgb-wrap-7c7d_71 tpgb-position-absolute tpgb-tab-position-absolute tpgb-mobile-position-absolute\"><h3 class=\"wp-block-tpgb-tp-heading tp-core-heading tpgb-block-7c7d_71\">Matem\u00e1tica<\/h3><\/div>\n\n<\/div>\n\n<div class=\"tpgb-container-col tpgb-block-efe1_71 zooming-container image-grayscale tpgb-col-link\" data-id=\"efe1_71\"  data-tpgb-col-link= \"https:\/\/daext.gp.utfpr.edu.br\/?page_id=319\"  data-target=\"_self\" >\n<div class=\"tpgb-empty-space tpgb-block-2fed_71 \"><\/div>\n\n\n<div class=\"tpgb-wrap-a210_71 tpgb-position-absolute tpgb-tab-position-absolute tpgb-mobile-position-absolute\"><h3 class=\"wp-block-tpgb-tp-heading tp-core-heading tpgb-block-a210_71\">Qu\u00edmica<\/h3><\/div>\n\n<\/div>\n\n<div class=\"tpgb-container-col tpgb-block-5b51_71 zooming-container image-grayscale tpgb-col-link\" data-id=\"5b51_71\"  data-tpgb-col-link= \"https:\/\/daext.gp.utfpr.edu.br\/?page_id=311\"  data-target=\"_self\" >\n<div class=\"tpgb-empty-space tpgb-block-32f0_71 \"><\/div>\n\n\n<div class=\"tpgb-wrap-07e2_71 tpgb-position-absolute tpgb-tab-position-absolute tpgb-mobile-position-absolute\"><h3 class=\"wp-block-tpgb-tp-heading tp-core-heading tpgb-block-07e2_71\">F\u00edsica<\/h3><\/div>\n\n<\/div>\n<\/div><\/div>\n\n<div class=\"tpgb-empty-space tpgb-block-90e7_71 \"><\/div>\n<\/div>\n\n<div  class=\"tpgb-container-row tpgb-block-01bf_71    alignfull  tpgb-container-inline  tpgb-container-full \" data-id=\"01bf_71 \"   >\n<div class=\"tpgb-empty-space tpgb-block-2826_71 \"><\/div>\n\n<div  class=\"tpgb-container-row tpgb-block-e82e_71  tpgb-nxtcont-type   alignwide   tpgb-container-wide \" data-id=\"e82e_71 \"   ><div class=\"tpgb-top-layer\"><\/div><div class=\"tpgb-cont-in\">\n<div class=\"tpgb-container-col tpgb-block-fe32_71 \" data-id=\"fe32_71\"  >\n<div class=\"tpgb-number-counter tpgb-relative-block counter-style-1 text-center tpgb-block-0ffa_71 \"><div class=\"number-counter-inner tpgb-relative-block tpgb-trans-ease \"><div class=\"counter-wrap-content\"><a href=\"#\"    aria-label=\"Docentes\"><div class=\"counter-icon-inner shape-icon-none tpgb-trans-ease\"><span class=\"counter-icon tpgb-trans-ease\"><i class=\"fas fa-graduation-cap\"><\/i><\/span><\/div><\/a><h5 class=\"nc-counter-number tpgb-trans-ease\"><span class=\"counter-number-inner numscroller\" data-min=\"0\" data-max=\"15\" data-delay=\"15\" data-increment=\"1\" data-numeration=\"default\">0<\/span><\/h5><a href=\"#\"    aria-label=\"Docentes\"><h6 class=\"counter-title tpgb-trans-ease\">Docentes<\/h6><\/a><\/div><\/div><\/div>\n<\/div>\n\n<div class=\"tpgb-container-col tpgb-block-d734_71 \" data-id=\"d734_71\"  >\n<div class=\"tpgb-number-counter tpgb-relative-block counter-style-1 text-center tpgb-block-bac0_71 \"><div class=\"number-counter-inner tpgb-relative-block tpgb-trans-ease \"><div class=\"counter-wrap-content\"><a href=\"#\"    aria-label=\"Publica\u00e7\u00f5es\"><div class=\"counter-icon-inner shape-icon-none tpgb-trans-ease\"><span class=\"counter-icon tpgb-trans-ease\"><i class=\"fas fa-book\"><\/i><\/span><\/div><\/a><h5 class=\"nc-counter-number tpgb-trans-ease\"><span class=\"counter-number-inner numscroller\" data-min=\"0\" data-max=\"137\" data-delay=\"5\" data-increment=\"1\" data-numeration=\"default\">0<\/span><\/h5><a href=\"#\"    aria-label=\"Publica\u00e7\u00f5es\"><h6 class=\"counter-title tpgb-trans-ease\">Publica\u00e7\u00f5es<\/h6><\/a><\/div><\/div><\/div>\n<\/div>\n<\/div><\/div>\n\n<div class=\"tpgb-empty-space tpgb-block-2e4c_71 \"><\/div>\n<\/div>\n\n<div  class=\"tpgb-container-row tpgb-block-37c4_71    alignfull   tpgb-container-full \" data-id=\"37c4_71 \"   >\n<div class=\"tpgb-container-col tpgb-block-f72c_71 \" data-id=\"f72c_71\"  >\n<div class=\"tpgb-empty-space tpgb-block-fdc0_71 \"><\/div>\n<\/div>\n\n<div class=\"tpgb-container-col tpgb-block-d1e2_71 \" data-id=\"d1e2_71\"  >\n\n<div class=\"tpgb-pro-paragraph tpgb-block-f90d_71\"><h3 class=\"pro-heading-inner\">Nossos Docentes<\/h3><div class=\"pro-paragraph-inner\"><p>O Departamento de Ci\u00eancias Exatas re\u00fane um corpo docente altamente qualificado e dedicado, composto por professores com forma\u00e7\u00e3o s\u00f3lida em F\u00edsica, Qu\u00edmica e Matem\u00e1tica. Com experi\u00eancia consolidada em pesquisa, ensino e extens\u00e3o, nossos docentes se destacam tanto pela produ\u00e7\u00e3o cient\u00edfica reconhecida nacional e internacionalmente quanto pelo compromisso com a forma\u00e7\u00e3o de estudantes cr\u00edticos e preparados para os desafios contempor\u00e2neos da ci\u00eancia e da tecnologia.<\/p><\/div><\/div>\n\n\n<div class=\"tpgb-empty-space tpgb-block-6f42_71 \"><\/div>\n<\/div>\n<\/div>\n\n\n<div class=\"wp-block-group horizontal-infobox-scroll has-black-color has-nxt-global-color-8-background-color has-text-color has-background has-link-color wp-elements-1bd977bd6fdb9054b8cdd8f14718ed6e is-nowrap is-layout-flex wp-container-core-group-is-layout-6c531013 wp-block-group-is-layout-flex\">\n<div class=\"wp-block-uagb-info-box uagb-block-e38d56c8 uagb-infobox__content-wrap  uagb-infobox-icon-above-title uagb-infobox-image-valign-top\"><div class=\"uagb-ifb-content\"><div class=\"uagb-ifb-image-content\"><img decoding=\"async\" src=\"https:\/\/daext.gp.utfpr.edu.br\/wp-content\/uploads\/2025\/10\/foto-site.jpg\" alt=\"\" width=\"\" height=\"0\" loading=\"lazy\"\/><\/div><div class=\"uagb-ifb-title-wrap\"><h3 class=\"uagb-ifb-title\">Bruno Leonardo Macedo Ferreira<\/h3><\/div><p class=\"uagb-ifb-desc\">Doutor em Matem\u00e1tica<\/p><\/div><\/div>\n\n\n\n<div class=\"wp-block-uagb-info-box uagb-block-7d5f11d7 uagb-infobox__content-wrap  uagb-infobox-icon-above-title uagb-infobox-image-valign-top\"><div class=\"uagb-ifb-content\"><div class=\"uagb-ifb-image-content\"><img decoding=\"async\" src=\"https:\/\/daext.gp.utfpr.edu.br\/wp-content\/uploads\/2026\/03\/vecteezy_simple-user-default-icon_24983914-150x150.png\" alt=\"\" width=\"\" height=\"0\" loading=\"lazy\"\/><\/div><div class=\"uagb-ifb-title-wrap\"><h3 class=\"uagb-ifb-title\">Ruth Nascimento Ferreira<\/h3><\/div><p class=\"uagb-ifb-desc\">Doutora em Matem\u00e1tica<\/p><\/div><\/div>\n\n\n\n<div class=\"wp-block-uagb-info-box uagb-block-8b5b8cff uagb-infobox__content-wrap  uagb-infobox-icon-above-title uagb-infobox-image-valign-top\"><div class=\"uagb-ifb-content\"><div class=\"uagb-ifb-image-content\"><img decoding=\"async\" src=\"https:\/\/daext.gp.utfpr.edu.br\/wp-content\/uploads\/2026\/03\/vecteezy_simple-user-default-icon_24983914-150x150.png\" alt=\"\" width=\"\" height=\"0\" loading=\"lazy\"\/><\/div><div class=\"uagb-ifb-title-wrap\"><h3 class=\"uagb-ifb-title\">Juliano dos Santos Gonschorowski<\/h3><\/div><p class=\"uagb-ifb-desc\">Doutor em Matem\u00e1tica<\/p><\/div><\/div>\n\n\n\n<div class=\"wp-block-uagb-info-box uagb-block-2db06cea uagb-infobox__content-wrap  uagb-infobox-icon-above-title uagb-infobox-image-valign-top\"><div class=\"uagb-ifb-content\"><div class=\"uagb-ifb-image-content\"><img decoding=\"async\" src=\"https:\/\/daext.gp.utfpr.edu.br\/wp-content\/uploads\/2026\/03\/vecteezy_simple-user-default-icon_24983914-150x150.png\" alt=\"\" width=\"\" height=\"0\" loading=\"lazy\"\/><\/div><div class=\"uagb-ifb-title-wrap\"><h3 class=\"uagb-ifb-title\">Michel Teston Semensato<\/h3><\/div><p class=\"uagb-ifb-desc\">Doutor em Matem\u00e1tica<\/p><\/div><\/div>\n\n\n\n<div class=\"wp-block-uagb-info-box uagb-block-2a0013c8 uagb-infobox__content-wrap  uagb-infobox-icon-above-title uagb-infobox-image-valign-top\"><div class=\"uagb-ifb-content\"><div class=\"uagb-ifb-image-content\"><img decoding=\"async\" src=\"https:\/\/daext.gp.utfpr.edu.br\/wp-content\/uploads\/2026\/03\/flavia-150x150.jpg\" alt=\"\" width=\"\" height=\"0\" loading=\"lazy\"\/><\/div><div class=\"uagb-ifb-title-wrap\"><h3 class=\"uagb-ifb-title\">Fl\u00e1via Konowalenko<\/h3><\/div><p class=\"uagb-ifb-desc\">Doutora em Matem\u00e1tica<\/p><\/div><\/div>\n\n\n\n<div class=\"wp-block-uagb-info-box uagb-block-0aa903ee uagb-infobox__content-wrap  uagb-infobox-icon-above-title uagb-infobox-image-valign-top\"><div class=\"uagb-ifb-content\"><div class=\"uagb-ifb-image-content\"><img decoding=\"async\" src=\"https:\/\/daext.gp.utfpr.edu.br\/wp-content\/uploads\/2026\/03\/thalita-150x150.jpg\" alt=\"\" width=\"\" height=\"0\" loading=\"lazy\"\/><\/div><div class=\"uagb-ifb-title-wrap\"><h3 class=\"uagb-ifb-title\">Thalita Monteiro Obal<\/h3><\/div><p class=\"uagb-ifb-desc\">Doutora em Matem\u00e1tica<\/p><\/div><\/div>\n\n\n\n<div class=\"wp-block-uagb-info-box uagb-block-420811d0 uagb-infobox__content-wrap  uagb-infobox-icon-above-title uagb-infobox-image-valign-top\"><div class=\"uagb-ifb-content\"><div class=\"uagb-ifb-image-content\"><img decoding=\"async\" src=\"https:\/\/daext.gp.utfpr.edu.br\/wp-content\/uploads\/2026\/03\/thiago-150x150.jpg\" alt=\"\" width=\"\" height=\"0\" loading=\"lazy\"\/><\/div><div class=\"uagb-ifb-title-wrap\"><h3 class=\"uagb-ifb-title\">Thiago Henrique de Freitas<\/h3><\/div><p class=\"uagb-ifb-desc\">Doutor em Matem\u00e1tica<\/p><\/div><\/div>\n\n\n\n<div class=\"wp-block-uagb-info-box uagb-block-666237ff uagb-infobox__content-wrap  uagb-infobox-icon-above-title uagb-infobox-image-valign-top\"><div class=\"uagb-ifb-content\"><div class=\"uagb-ifb-image-content\"><img decoding=\"async\" src=\"https:\/\/daext.gp.utfpr.edu.br\/wp-content\/uploads\/2026\/03\/alex-150x150.jpg\" alt=\"\" width=\"\" height=\"0\" loading=\"lazy\"\/><\/div><div class=\"uagb-ifb-title-wrap\"><h3 class=\"uagb-ifb-title\">Alex Sandro de Castilho<\/h3><\/div><p class=\"uagb-ifb-desc\">Doutor em Matem\u00e1tica<\/p><\/div><\/div>\n\n\n\n<div class=\"wp-block-uagb-info-box uagb-block-aed2f5c7 uagb-infobox__content-wrap  uagb-infobox-icon-above-title uagb-infobox-image-valign-top\"><div class=\"uagb-ifb-content\"><div class=\"uagb-ifb-image-content\"><img decoding=\"async\" src=\"https:\/\/daext.gp.utfpr.edu.br\/wp-content\/uploads\/2026\/03\/aura-150x150.jpg\" alt=\"\" width=\"\" height=\"0\" loading=\"lazy\"\/><\/div><div class=\"uagb-ifb-title-wrap\"><h3 class=\"uagb-ifb-title\">Aura Rosa Belzarez Guedez<\/h3><\/div><p class=\"uagb-ifb-desc\">Doutora em Matem\u00e1tica<\/p><\/div><\/div>\n\n\n\n<div class=\"wp-block-uagb-info-box uagb-block-e6622513 uagb-infobox__content-wrap  uagb-infobox-icon-above-title uagb-infobox-image-valign-top\"><div class=\"uagb-ifb-content\"><div class=\"uagb-ifb-image-content\"><img decoding=\"async\" src=\"https:\/\/daext.gp.utfpr.edu.br\/wp-content\/uploads\/2026\/03\/vecteezy_simple-user-default-icon_24983914-150x150.png\" alt=\"\" width=\"\" height=\"0\" loading=\"lazy\"\/><\/div><div class=\"uagb-ifb-title-wrap\"><h3 class=\"uagb-ifb-title\">Aline Milan Farias<\/h3><\/div><p class=\"uagb-ifb-desc\">Doutora em F\u00edsica<\/p><\/div><\/div>\n\n\n\n<div class=\"wp-block-uagb-info-box uagb-block-d01e7327 uagb-infobox__content-wrap  uagb-infobox-icon-above-title uagb-infobox-image-valign-top\"><div class=\"uagb-ifb-content\"><div class=\"uagb-ifb-image-content\"><img decoding=\"async\" src=\"https:\/\/daext.gp.utfpr.edu.br\/wp-content\/uploads\/2026\/03\/analucia-150x150.jpg\" alt=\"\" width=\"\" height=\"0\" loading=\"lazy\"\/><\/div><div class=\"uagb-ifb-title-wrap\"><h3 class=\"uagb-ifb-title\">Ana Lucia Ferreira<\/h3><\/div><p class=\"uagb-ifb-desc\">Doutora em F\u00edsica<\/p><\/div><\/div>\n\n\n\n<div class=\"wp-block-uagb-info-box uagb-block-ca740aa9 uagb-infobox__content-wrap  uagb-infobox-icon-above-title uagb-infobox-image-valign-top\"><div class=\"uagb-ifb-content\"><div class=\"uagb-ifb-image-content\"><img decoding=\"async\" src=\"https:\/\/daext.gp.utfpr.edu.br\/wp-content\/uploads\/2026\/03\/vecteezy_simple-user-default-icon_24983914-150x150.png\" alt=\"\" width=\"\" height=\"0\" loading=\"lazy\"\/><\/div><div class=\"uagb-ifb-title-wrap\"><h3 class=\"uagb-ifb-title\">Antonio Carlos Amaro de Faria J\u00fanior<\/h3><\/div><p class=\"uagb-ifb-desc\">Doutor em F\u00edsica<\/p><\/div><\/div>\n\n\n\n<div class=\"wp-block-uagb-info-box uagb-block-add5a1ec uagb-infobox__content-wrap  uagb-infobox-icon-above-title uagb-infobox-image-valign-top\"><div class=\"uagb-ifb-content\"><div class=\"uagb-ifb-image-content\"><img decoding=\"async\" src=\"https:\/\/daext.gp.utfpr.edu.br\/wp-content\/uploads\/2026\/03\/vecteezy_simple-user-default-icon_24983914-150x150.png\" alt=\"\" width=\"\" height=\"0\" loading=\"lazy\"\/><\/div><div class=\"uagb-ifb-title-wrap\"><h3 class=\"uagb-ifb-title\">Diogo Zampieri Montanher<\/h3><\/div><p class=\"uagb-ifb-desc\">Doutor em F\u00edsica<\/p><\/div><\/div>\n\n\n\n<div class=\"wp-block-uagb-info-box uagb-block-4a5458ae uagb-infobox__content-wrap  uagb-infobox-icon-above-title uagb-infobox-image-valign-top\"><div class=\"uagb-ifb-content\"><div class=\"uagb-ifb-image-content\"><img decoding=\"async\" src=\"https:\/\/daext.gp.utfpr.edu.br\/wp-content\/uploads\/2026\/03\/marilei-150x150.jpg\" alt=\"\" width=\"\" height=\"0\" loading=\"lazy\"\/><\/div><div class=\"uagb-ifb-title-wrap\"><h3 class=\"uagb-ifb-title\">Marilei de F\u00e1tima Oliveira<\/h3><\/div><p class=\"uagb-ifb-desc\">Doutora em Qu\u00edmica<\/p><\/div><\/div>\n\n\n\n<div class=\"wp-block-uagb-info-box uagb-block-35dbf513 uagb-infobox__content-wrap  uagb-infobox-icon-above-title uagb-infobox-image-valign-top\"><div class=\"uagb-ifb-content\"><div class=\"uagb-ifb-image-content\"><img decoding=\"async\" src=\"https:\/\/daext.gp.utfpr.edu.br\/wp-content\/uploads\/2026\/03\/rolf-150x150.jpg\" alt=\"\" width=\"\" height=\"0\" loading=\"lazy\"\/><\/div><div class=\"uagb-ifb-title-wrap\"><h3 class=\"uagb-ifb-title\">Rolf de Campos Intema<\/h3><\/div><p class=\"uagb-ifb-desc\">Doutor em Qu\u00edmica<\/p><\/div><\/div>\n<\/div>\n\n\n\n<p><\/p>\n","protected":false},"excerpt":{"rendered":"","protected":false},"author":2,"featured_media":0,"parent":0,"menu_order":0,"comment_status":"open","ping_status":"open","template":"","meta":{"_acf_changed":false,"tpgb_global_settings":"","_uag_custom_page_level_css":"","footnotes":""},"class_list":["post-71","page","type-page","status-publish","hentry"],"acf":[],"tpgb_featured_images":null,"tpgb_post_meta_info":{"get_date":"13 de mar\u00e7o de 2026","get_modified_date":"22 de abril de 2026","author_name":"daext guarapuava","author_url":"https:\/\/daext.gp.utfpr.edu.br\/?author=2","author_email":"daext-gp@utfpr.edu.br","author_website":"http:\/\/daext.gp.utfp.edu.br","author_description":"","author_facebook":"","author_twitter":"","author_instagram":"","author_role":["administrator"],"author_firstname":"daext","author_lastname":"guarapuava","user_login":"daext","author_avatar":"<img alt='' src='https:\/\/secure.gravatar.com\/avatar\/19401c2afd4e095d6e2b86539641edb4559f0aad8bc6091c8414a7c586528eb5?s=200&#038;d=mm&#038;r=g' srcset='https:\/\/secure.gravatar.com\/avatar\/19401c2afd4e095d6e2b86539641edb4559f0aad8bc6091c8414a7c586528eb5?s=400&#038;d=mm&#038;r=g 2x' class='avatar avatar-200 photo' height='200' width='200' loading='lazy' decoding='async'\/>","author_avatar_url":"https:\/\/secure.gravatar.com\/avatar\/19401c2afd4e095d6e2b86539641edb4559f0aad8bc6091c8414a7c586528eb5?s=96&d=mm&r=g","comment_count":0,"post_likes":0,"post_views":0},"tpgb_post_category":[],"uagb_featured_image_src":{"full":false,"thumbnail":false,"medium":false,"medium_large":false,"large":false,"1536x1536":false,"2048x2048":false,"tp-image-grid":false},"uagb_author_info":{"display_name":"daext guarapuava","author_link":"https:\/\/daext.gp.utfpr.edu.br\/?author=2"},"uagb_comment_info":0,"uagb_excerpt":null,"_links":{"self":[{"href":"https:\/\/daext.gp.utfpr.edu.br\/index.php?rest_route=\/wp\/v2\/pages\/71","targetHints":{"allow":["GET"]}}],"collection":[{"href":"https:\/\/daext.gp.utfpr.edu.br\/index.php?rest_route=\/wp\/v2\/pages"}],"about":[{"href":"https:\/\/daext.gp.utfpr.edu.br\/index.php?rest_route=\/wp\/v2\/types\/page"}],"author":[{"embeddable":true,"href":"https:\/\/daext.gp.utfpr.edu.br\/index.php?rest_route=\/wp\/v2\/users\/2"}],"replies":[{"embeddable":true,"href":"https:\/\/daext.gp.utfpr.edu.br\/index.php?rest_route=%2Fwp%2Fv2%2Fcomments&post=71"}],"version-history":[{"count":46,"href":"https:\/\/daext.gp.utfpr.edu.br\/index.php?rest_route=\/wp\/v2\/pages\/71\/revisions"}],"predecessor-version":[{"id":683,"href":"https:\/\/daext.gp.utfpr.edu.br\/index.php?rest_route=\/wp\/v2\/pages\/71\/revisions\/683"}],"wp:attachment":[{"href":"https:\/\/daext.gp.utfpr.edu.br\/index.php?rest_route=%2Fwp%2Fv2%2Fmedia&parent=71"}],"curies":[{"name":"wp","href":"https:\/\/api.w.org\/{rel}","templated":true}]}}