{"id":373,"date":"2026-03-25T11:21:45","date_gmt":"2026-03-25T14:21:45","guid":{"rendered":"https:\/\/daext.gp.utfpr.edu.br\/?page_id=373"},"modified":"2026-04-06T12:27:07","modified_gmt":"2026-04-06T15:27:07","slug":"noticias-2","status":"publish","type":"page","link":"https:\/\/daext.gp.utfpr.edu.br\/?page_id=373","title":{"rendered":"Not\u00edcias"},"content":{"rendered":"<div  class=\"tpgb-container-row tpgb-block-92ae_373    alignfull  tpgb-container-inline  tpgb-container-full \" data-id=\"92ae_373 \"   >\n<div class=\"tpgb-empty-space tpgb-block-e174_373 \"><\/div>\n\n\n<h3 class=\"wp-block-tpgb-tp-heading tp-core-heading tpgb-block-e18f_373\">Not\u00edcias do Departamento<\/h3>\n\n\n<div class=\"tpgb-search-bar tpgb-relative-block tpgb-block-1728_373  \" data-id=\"1728_373\" data-ajax_search= '{&quot;ajax&quot;:&quot;no&quot;,&quot;ajaxsearchCharLimit&quot;:&quot;3&quot;,&quot;nonce&quot;:&quot;ead2f223df&quot;,&quot;style&quot;:&quot;style-1&quot;,&quot;tempid&quot;:&quot;&quot;,&quot;styleColumn&quot;:&quot;tpgb-col-12 tpgb-col-lg-12 tpgb-col-md-12 tpgb-col-sm-12 tpgb-col-12&quot;,&quot;post_page&quot;:3,&quot;Postype_Def&quot;:[]}' data-result-setting= '{&quot;ONTitle&quot;:1,&quot;ONContent&quot;:1,&quot;ONThumb&quot;:1,&quot;ONPrice&quot;:1,&quot;ONShortDesc&quot;:1,&quot;TotalResult&quot;:1,&quot;TotalResultTxt&quot;:&quot;Results&quot;,&quot;ResultlinkOn&quot;:1,&quot;Resultlinktarget&quot;:&quot;_blank&quot;,&quot;TxtTitle&quot;:0,&quot;texttype&quot;:&quot;char&quot;,&quot;textcount&quot;:100,&quot;textdots&quot;:&quot;&quot;,&quot;Txtcont&quot;:0,&quot;ContType&quot;:&quot;char&quot;,&quot;ContCount&quot;:100,&quot;ContDots&quot;:&quot;&quot;}' data-genericfilter={\"GFEnable\":1,\"GFSType\":\"otheroption\",\"GFTitle\":1,\"GFContent\":0,\"GFName\":0,\"GFExcerpt\":0,\"GFCategory\":0,\"GFTags\":0} data-pagination-data= '{\"Pagestyle\":\"\",\"loadbtntxt\":\"Load More\",\"loadingtxt\":\"Loading...\",\"loadedtxt\":\"All Done\",\"loadnumber\":\"3\",\"loadpage\":1,\"loadPagetxt\":\"Totals:\"}' data-acfdata={&quot;ACFEnable&quot;:0,&quot;ACFkey&quot;:&quot;&quot;} data-default-data= '{\"Def_Post\":[],\"Def_Tex\":\"\",\"SpecialCTP\":0,\"SpecialCTPType\":\"post\",\"excludeTerms\":[],\"includeTerms\":[],\"taxonomySlug\":\"\"}' data-errormsg=\"Sorry, No Results Were Found.\"><form class=\"tpgb-search-form\" method=\"get\" action=\"https:\/\/daext.gp.utfpr.edu.br\"><div class=\"tpgb-form-field tpgb-row\"><div class=\"tpgb-input-field\"><div class=\"tpgb-input-label-field\"><\/div><div class=\"tpgb-input-inner-field\"><input name=\"s\"  id=\"seatxt-1728_373\" class=\"tpgb-search-input\" type=\"text\" name=\"search\" placeholder=\"Pesquise por Not\u00edcias\" autocomplete=\"off\" \/><span class=\"tpgb-search-input-icon\"><i class=\"fas fa-search\"><\/i><\/span><div class=\"tpgb-ajx-loading\"><div class=\"tpgb-spinner-loader\"><\/div><\/div><span class=\"tpgb-close-btn\"><i class=\"fas fa-times-circle\"><\/i><\/span><\/div><\/div><input type=\"hidden\" name=\"cat\" id=\"cat\" value=\"\"><div class=\"tpgb-btn-wrap\"><button class=\"tpgb-search-btn\" name=\"submit\" ><span class=\"tpgb-button-icon\"><i class=\"fas fa-search\"><\/i><\/span><span class=\"tpgb-search-btn-txt before\">Pesquisar<\/span><\/button><\/div><\/div><\/form><div class=\"tpgb-search-area style-1\" ><div class=\"tpgb-search-error\"><\/div><div class=\"tpgb-search-header tpgb-trans-linear\"><div class=\"tpgb-search-resultcount\"><\/div><\/div><div class=\"tpgb-search-list \"><div class=\"tpgb-search-list-inner\"><\/div><\/div><\/div><\/div>\n\n<div  class=\"tpgb-container-row tpgb-block-0716_373  tpgb-nxtcont-type   alignwide  tpgb-container-inline  tpgb-container-wide \" data-id=\"0716_373 \"   ><div class=\"tpgb-cont-in\">\n<div  class=\"tpgb-wrap-cbe6_373  tpgb-wrap-fw \"  ><div id=\"cbe6_373\" class=\"tpgb-post-listing tpgb-relative-block    tpgb-block-cbe6_373 dynamic-style-2 tpgb-isotope layout-style-1 \" data-id=\"cbe6_373\" data-style=\"dynamic-style-2\"   data-layout=\"grid\"  data-connection=\"tpgb_search\"   ><div class=\"tpgb-row post-loop-inner\" ><div class=\"grid-item tpgb-col  tpgb-col-lg-6 tpgb-col-md-6 tpgb-col-sm-12 tpgb-col-12\">\r\n<div class=\"dynamic-list-content tpgb-dynamic-tran\">\r\n\t\r\n\t \r\n\t<div class=\"post-content-image\">\r\n\t\t\t<div class=\"tpgb-post-featured-img tpgb-dynamic-tran hover-image-style-1\">\r\n\t\t<a href=\"https:\/\/daext.gp.utfpr.edu.br\/?p=684\" aria-label=\"Pesquisador da UTFPR Guarapuava avan\u00e7a em teoria dos sistemas din\u00e2micos em parceria com a USP\">\r\n\t\t\t<img loading=\"lazy\" decoding=\"async\" width=\"700\" height=\"700\" src=\"https:\/\/daext.gp.utfpr.edu.br\/wp-content\/uploads\/2026\/04\/WhatsApp-Image-2026-04-25-at-11.04.32-700x700.jpeg\" class=\"tpgb-d-block tpgb-post-img tpgb-dynamic-tran wp-post-image\" alt=\"\" srcset=\"https:\/\/daext.gp.utfpr.edu.br\/wp-content\/uploads\/2026\/04\/WhatsApp-Image-2026-04-25-at-11.04.32-700x700.jpeg 700w, https:\/\/daext.gp.utfpr.edu.br\/wp-content\/uploads\/2026\/04\/WhatsApp-Image-2026-04-25-at-11.04.32-150x150.jpeg 150w\" sizes=\"auto, (max-width: 700px) 100vw, 700px\" \/>\t\t<\/a>\r\n\t<\/div>\t\t\t<\/div>\r\n\t\t\r\n\t<div class=\"tpgb-content-bottom text-center\">\r\n\t\t\t\t\t\t<h3 class=\"tpgb-post-title tpgb-dynamic-tran\">\r\n\t<a href=\"https:\/\/daext.gp.utfpr.edu.br\/?p=684\">Pesquisador da UTFPR Guarapuava avan\u00e7a em teoria dos sistemas din\u00e2micos em parceria com a USP<\/a>\r\n<\/h3>\t\t<div class=\"tpgb-post-hover-content\">\r\n\t\t\t<div class=\"post-meta-info post-info-style-1\">\r\n\t    <span class=\"post-meta-date\"><a href=\"https:\/\/daext.gp.utfpr.edu.br\/?p=684\" class=\"tpgb-dynamic-tran post-entry-date\">26 de abril de 2026<\/a><\/span>\r\n\t\t<span class=\"tpgb-dynamic-tran\">|<\/span> \r\n\t\t\t<span class=\"post-meta-author tpgb-dynamic-tran\"> Por  <a href=\"https:\/\/daext.gp.utfpr.edu.br\/?author=2\" rel=\"author\" class=\"tpgb-dynamic-tran\">daext guarapuava<\/a><\/span>\r\n\t<\/div>\r\n\r\n\t\t<\/div>\r\n\t\t\t<\/div>\r\n\t\t<\/div><\/div><div class=\"grid-item tpgb-col  tpgb-col-lg-6 tpgb-col-md-6 tpgb-col-sm-12 tpgb-col-12\">\r\n<div class=\"dynamic-list-content tpgb-dynamic-tran\">\r\n\t\r\n\t \r\n\t<div class=\"post-content-image\">\r\n\t\t\t<div class=\"tpgb-post-featured-img tpgb-dynamic-tran hover-image-style-1\">\r\n\t\t<a href=\"https:\/\/daext.gp.utfpr.edu.br\/?p=637\" aria-label=\"Ocorre Campeonato de Derivadas na UTFPR Guarapuava\">\r\n\t\t\t<img loading=\"lazy\" decoding=\"async\" width=\"700\" height=\"700\" src=\"https:\/\/daext.gp.utfpr.edu.br\/wp-content\/uploads\/2026\/04\/pageHeaderLogoImage_en-mGf95crb8uNY-700x700.png\" class=\"tpgb-d-block tpgb-post-img tpgb-dynamic-tran wp-post-image\" alt=\"\" srcset=\"https:\/\/daext.gp.utfpr.edu.br\/wp-content\/uploads\/2026\/04\/pageHeaderLogoImage_en-mGf95crb8uNY-700x700.png 700w, https:\/\/daext.gp.utfpr.edu.br\/wp-content\/uploads\/2026\/04\/pageHeaderLogoImage_en-mGf95crb8uNY-150x150.png 150w\" sizes=\"auto, (max-width: 700px) 100vw, 700px\" \/>\t\t<\/a>\r\n\t<\/div>\t\t\t<\/div>\r\n\t\t\r\n\t<div class=\"tpgb-content-bottom text-center\">\r\n\t\t\t\t\t\t<h3 class=\"tpgb-post-title tpgb-dynamic-tran\">\r\n\t<a href=\"https:\/\/daext.gp.utfpr.edu.br\/?p=637\">Ocorre Campeonato de Derivadas na UTFPR Guarapuava<\/a>\r\n<\/h3>\t\t<div class=\"tpgb-post-hover-content\">\r\n\t\t\t<div class=\"post-meta-info post-info-style-1\">\r\n\t    <span class=\"post-meta-date\"><a href=\"https:\/\/daext.gp.utfpr.edu.br\/?p=637\" class=\"tpgb-dynamic-tran post-entry-date\">9 de abril de 2026<\/a><\/span>\r\n\t\t<span class=\"tpgb-dynamic-tran\">|<\/span> \r\n\t\t\t<span class=\"post-meta-author tpgb-dynamic-tran\"> Por  <a href=\"https:\/\/daext.gp.utfpr.edu.br\/?author=2\" rel=\"author\" class=\"tpgb-dynamic-tran\">daext guarapuava<\/a><\/span>\r\n\t<\/div>\r\n\r\n\t\t<\/div>\r\n\t\t\t<\/div>\r\n\t\t<\/div><\/div><div class=\"grid-item tpgb-col  tpgb-col-lg-6 tpgb-col-md-6 tpgb-col-sm-12 tpgb-col-12\">\r\n<div class=\"dynamic-list-content tpgb-dynamic-tran\">\r\n\t\r\n\t \r\n\t<div class=\"post-content-image\">\r\n\t\t\t<div class=\"tpgb-post-featured-img tpgb-dynamic-tran hover-image-style-1\">\r\n\t\t<a href=\"https:\/\/daext.gp.utfpr.edu.br\/?p=585\" aria-label=\"Professor da UTFPR \u00e9 nomeado Editor-Chefe de peri\u00f3dico cient\u00edfico internacional\">\r\n\t\t\t<img loading=\"lazy\" decoding=\"async\" width=\"700\" height=\"700\" src=\"https:\/\/daext.gp.utfpr.edu.br\/wp-content\/uploads\/2026\/04\/bruno-700x700.jpg\" class=\"tpgb-d-block tpgb-post-img tpgb-dynamic-tran wp-post-image\" alt=\"\" srcset=\"https:\/\/daext.gp.utfpr.edu.br\/wp-content\/uploads\/2026\/04\/bruno-700x700.jpg 700w, https:\/\/daext.gp.utfpr.edu.br\/wp-content\/uploads\/2026\/04\/bruno-150x150.jpg 150w\" sizes=\"auto, (max-width: 700px) 100vw, 700px\" \/>\t\t<\/a>\r\n\t<\/div>\t\t\t<\/div>\r\n\t\t\r\n\t<div class=\"tpgb-content-bottom text-center\">\r\n\t\t\t\t\t\t<h3 class=\"tpgb-post-title tpgb-dynamic-tran\">\r\n\t<a href=\"https:\/\/daext.gp.utfpr.edu.br\/?p=585\">Professor da UTFPR \u00e9 nomeado Editor-Chefe de peri\u00f3dico cient\u00edfico internacional<\/a>\r\n<\/h3>\t\t<div class=\"tpgb-post-hover-content\">\r\n\t\t\t<div class=\"post-meta-info post-info-style-1\">\r\n\t    <span class=\"post-meta-date\"><a href=\"https:\/\/daext.gp.utfpr.edu.br\/?p=585\" class=\"tpgb-dynamic-tran post-entry-date\">6 de abril de 2026<\/a><\/span>\r\n\t\t<span class=\"tpgb-dynamic-tran\">|<\/span> \r\n\t\t\t<span class=\"post-meta-author tpgb-dynamic-tran\"> Por  <a href=\"https:\/\/daext.gp.utfpr.edu.br\/?author=2\" rel=\"author\" class=\"tpgb-dynamic-tran\">daext guarapuava<\/a><\/span>\r\n\t<\/div>\r\n\r\n\t\t<\/div>\r\n\t\t\t<\/div>\r\n\t\t<\/div><\/div><div class=\"grid-item tpgb-col  tpgb-col-lg-6 tpgb-col-md-6 tpgb-col-sm-12 tpgb-col-12\">\r\n<div class=\"dynamic-list-content tpgb-dynamic-tran\">\r\n\t\r\n\t \r\n\t<div class=\"post-content-image\">\r\n\t\t\t<div class=\"tpgb-post-featured-img tpgb-dynamic-tran hover-image-style-1\">\r\n\t\t<a href=\"https:\/\/daext.gp.utfpr.edu.br\/?p=581\" aria-label=\"Doutorando da USP defende tese sob orienta\u00e7\u00e3o de professores da USP e da UTFPR-Guarapuava\">\r\n\t\t\t<img loading=\"lazy\" decoding=\"async\" width=\"700\" height=\"700\" src=\"https:\/\/daext.gp.utfpr.edu.br\/wp-content\/uploads\/2026\/04\/Screenshot-2026-04-06-120210-DYfucFbqUhpr-700x700.png\" class=\"tpgb-d-block tpgb-post-img tpgb-dynamic-tran wp-post-image\" alt=\"\" srcset=\"https:\/\/daext.gp.utfpr.edu.br\/wp-content\/uploads\/2026\/04\/Screenshot-2026-04-06-120210-DYfucFbqUhpr-700x700.png 700w, https:\/\/daext.gp.utfpr.edu.br\/wp-content\/uploads\/2026\/04\/Screenshot-2026-04-06-120210-DYfucFbqUhpr-150x150.png 150w\" sizes=\"auto, (max-width: 700px) 100vw, 700px\" \/>\t\t<\/a>\r\n\t<\/div>\t\t\t<\/div>\r\n\t\t\r\n\t<div class=\"tpgb-content-bottom text-center\">\r\n\t\t\t\t\t\t<h3 class=\"tpgb-post-title tpgb-dynamic-tran\">\r\n\t<a href=\"https:\/\/daext.gp.utfpr.edu.br\/?p=581\">Doutorando da USP defende tese sob orienta\u00e7\u00e3o de professores da USP e da UTFPR-Guarapuava<\/a>\r\n<\/h3>\t\t<div class=\"tpgb-post-hover-content\">\r\n\t\t\t<div class=\"post-meta-info post-info-style-1\">\r\n\t    <span class=\"post-meta-date\"><a href=\"https:\/\/daext.gp.utfpr.edu.br\/?p=581\" class=\"tpgb-dynamic-tran post-entry-date\">6 de abril de 2026<\/a><\/span>\r\n\t\t<span class=\"tpgb-dynamic-tran\">|<\/span> \r\n\t\t\t<span class=\"post-meta-author tpgb-dynamic-tran\"> Por  <a href=\"https:\/\/daext.gp.utfpr.edu.br\/?author=2\" rel=\"author\" class=\"tpgb-dynamic-tran\">daext guarapuava<\/a><\/span>\r\n\t<\/div>\r\n\r\n\t\t<\/div>\r\n\t\t\t<\/div>\r\n\t\t<\/div><\/div><div class=\"grid-item tpgb-col  tpgb-col-lg-6 tpgb-col-md-6 tpgb-col-sm-12 tpgb-col-12\">\r\n<div class=\"dynamic-list-content tpgb-dynamic-tran\">\r\n\t\r\n\t \r\n\t<div class=\"post-content-image\">\r\n\t\t\t<div class=\"tpgb-post-featured-img tpgb-dynamic-tran hover-image-style-1\">\r\n\t\t<a href=\"https:\/\/daext.gp.utfpr.edu.br\/?p=576\" aria-label=\"Professor Dr. Bruno Leonardo Macedo Ferreira realiza atividades de destaque como visitante no IME-USP.\">\r\n\t\t\t<img loading=\"lazy\" decoding=\"async\" width=\"700\" height=\"700\" src=\"https:\/\/daext.gp.utfpr.edu.br\/wp-content\/uploads\/2026\/04\/Screenshot-2026-04-06-115349-4HiW678Awxza-700x700.png\" class=\"tpgb-d-block tpgb-post-img tpgb-dynamic-tran wp-post-image\" alt=\"\" srcset=\"https:\/\/daext.gp.utfpr.edu.br\/wp-content\/uploads\/2026\/04\/Screenshot-2026-04-06-115349-4HiW678Awxza-700x700.png 700w, https:\/\/daext.gp.utfpr.edu.br\/wp-content\/uploads\/2026\/04\/Screenshot-2026-04-06-115349-4HiW678Awxza-150x150.png 150w\" sizes=\"auto, (max-width: 700px) 100vw, 700px\" \/>\t\t<\/a>\r\n\t<\/div>\t\t\t<\/div>\r\n\t\t\r\n\t<div class=\"tpgb-content-bottom text-center\">\r\n\t\t\t\t\t\t<h3 class=\"tpgb-post-title tpgb-dynamic-tran\">\r\n\t<a href=\"https:\/\/daext.gp.utfpr.edu.br\/?p=576\">Professor Dr. Bruno Leonardo Macedo Ferreira realiza atividades de destaque como visitante no IME-USP.<\/a>\r\n<\/h3>\t\t<div class=\"tpgb-post-hover-content\">\r\n\t\t\t<div class=\"post-meta-info post-info-style-1\">\r\n\t    <span class=\"post-meta-date\"><a href=\"https:\/\/daext.gp.utfpr.edu.br\/?p=576\" class=\"tpgb-dynamic-tran post-entry-date\">6 de abril de 2026<\/a><\/span>\r\n\t\t<span class=\"tpgb-dynamic-tran\">|<\/span> \r\n\t\t\t<span class=\"post-meta-author tpgb-dynamic-tran\"> Por  <a href=\"https:\/\/daext.gp.utfpr.edu.br\/?author=2\" rel=\"author\" class=\"tpgb-dynamic-tran\">daext guarapuava<\/a><\/span>\r\n\t<\/div>\r\n\r\n\t\t<\/div>\r\n\t\t\t<\/div>\r\n\t\t<\/div><\/div><\/div><\/div><\/div>\n<\/div><\/div>\n<\/div>\n\n\n<p><\/p>\n","protected":false},"excerpt":{"rendered":"","protected":false},"author":2,"featured_media":0,"parent":0,"menu_order":0,"comment_status":"closed","ping_status":"closed","template":"","meta":{"_acf_changed":false,"tpgb_global_settings":"","_uag_custom_page_level_css":"","footnotes":""},"class_list":["post-373","page","type-page","status-publish","hentry"],"acf":[],"tpgb_featured_images":null,"tpgb_post_meta_info":{"get_date":"25 de mar\u00e7o de 2026","get_modified_date":"6 de abril de 2026","author_name":"daext guarapuava","author_url":"https:\/\/daext.gp.utfpr.edu.br\/?author=2","author_email":"daext-gp@utfpr.edu.br","author_website":"http:\/\/daext.gp.utfp.edu.br","author_description":"","author_facebook":"","author_twitter":"","author_instagram":"","author_role":["administrator"],"author_firstname":"daext","author_lastname":"guarapuava","user_login":"daext","author_avatar":"<img alt='' src='https:\/\/secure.gravatar.com\/avatar\/19401c2afd4e095d6e2b86539641edb4559f0aad8bc6091c8414a7c586528eb5?s=200&#038;d=mm&#038;r=g' srcset='https:\/\/secure.gravatar.com\/avatar\/19401c2afd4e095d6e2b86539641edb4559f0aad8bc6091c8414a7c586528eb5?s=400&#038;d=mm&#038;r=g 2x' class='avatar avatar-200 photo' height='200' width='200' loading='lazy' decoding='async'\/>","author_avatar_url":"https:\/\/secure.gravatar.com\/avatar\/19401c2afd4e095d6e2b86539641edb4559f0aad8bc6091c8414a7c586528eb5?s=96&d=mm&r=g","comment_count":0,"post_likes":0,"post_views":0},"tpgb_post_category":[],"uagb_featured_image_src":{"full":false,"thumbnail":false,"medium":false,"medium_large":false,"large":false,"1536x1536":false,"2048x2048":false,"tp-image-grid":false},"uagb_author_info":{"display_name":"daext guarapuava","author_link":"https:\/\/daext.gp.utfpr.edu.br\/?author=2"},"uagb_comment_info":0,"uagb_excerpt":null,"_links":{"self":[{"href":"https:\/\/daext.gp.utfpr.edu.br\/index.php?rest_route=\/wp\/v2\/pages\/373","targetHints":{"allow":["GET"]}}],"collection":[{"href":"https:\/\/daext.gp.utfpr.edu.br\/index.php?rest_route=\/wp\/v2\/pages"}],"about":[{"href":"https:\/\/daext.gp.utfpr.edu.br\/index.php?rest_route=\/wp\/v2\/types\/page"}],"author":[{"embeddable":true,"href":"https:\/\/daext.gp.utfpr.edu.br\/index.php?rest_route=\/wp\/v2\/users\/2"}],"replies":[{"embeddable":true,"href":"https:\/\/daext.gp.utfpr.edu.br\/index.php?rest_route=%2Fwp%2Fv2%2Fcomments&post=373"}],"version-history":[{"count":4,"href":"https:\/\/daext.gp.utfpr.edu.br\/index.php?rest_route=\/wp\/v2\/pages\/373\/revisions"}],"predecessor-version":[{"id":589,"href":"https:\/\/daext.gp.utfpr.edu.br\/index.php?rest_route=\/wp\/v2\/pages\/373\/revisions\/589"}],"wp:attachment":[{"href":"https:\/\/daext.gp.utfpr.edu.br\/index.php?rest_route=%2Fwp%2Fv2%2Fmedia&parent=373"}],"curies":[{"name":"wp","href":"https:\/\/api.w.org\/{rel}","templated":true}]}}